{"id":820,"date":"2025-10-02T08:41:24","date_gmt":"2025-10-02T08:41:24","guid":{"rendered":"https:\/\/cima72.com\/quien-soy\/"},"modified":"2026-02-19T08:49:11","modified_gmt":"2026-02-19T08:49:11","slug":"over","status":"publish","type":"page","link":"https:\/\/cima72.com\/nl\/over\/","title":{"rendered":"Over"},"content":{"rendered":"\t\t<div data-elementor-type=\"wp-page\" data-elementor-id=\"820\" class=\"elementor elementor-820 elementor-157\" data-elementor-post-type=\"page\">\n\t\t\t\t<div class=\"elementor-element elementor-element-d82801c e-flex e-con-boxed e-con e-parent\" data-id=\"d82801c\" data-element_type=\"container\" data-e-type=\"container\" data-settings=\"{&quot;background_background&quot;:&quot;classic&quot;}\">\n\t\t\t\t\t<div class=\"e-con-inner\">\n\t\t<div class=\"elementor-element elementor-element-2132797d e-con-full e-flex e-con e-child\" data-id=\"2132797d\" data-element_type=\"container\" data-e-type=\"container\">\n\t\t<div class=\"elementor-element elementor-element-9f10f0 e-con-full e-flex e-con e-child\" data-id=\"9f10f0\" data-element_type=\"container\" data-e-type=\"container\">\n\t\t\t\t<div class=\"elementor-element elementor-element-116e1d94 elementor-widget elementor-widget-heading\" data-id=\"116e1d94\" data-element_type=\"widget\" data-e-type=\"widget\" data-widget_type=\"heading.default\">\n\t\t\t\t\t<h1 class=\"elementor-heading-title elementor-size-default\">Over mij<\/h1>\t\t\t\t<\/div>\n\t\t\t\t<\/div>\n\t\t\t\t<\/div>\n\t\t\t\t\t<\/div>\n\t\t\t\t<\/div>\n\t\t<div class=\"elementor-element elementor-element-c8607c0 e-flex e-con-boxed e-con e-parent\" data-id=\"c8607c0\" data-element_type=\"container\" data-e-type=\"container\" data-settings=\"{&quot;background_background&quot;:&quot;classic&quot;}\">\n\t\t\t\t\t<div class=\"e-con-inner\">\n\t\t<div class=\"elementor-element elementor-element-bc85b60 e-con-full e-flex e-con e-child\" data-id=\"bc85b60\" data-element_type=\"container\" data-e-type=\"container\">\n\t\t<div class=\"elementor-element elementor-element-439b810 e-con-full e-flex e-con e-child\" data-id=\"439b810\" data-element_type=\"container\" data-e-type=\"container\">\n\t\t\t\t<div class=\"elementor-element elementor-element-d306542 elementor-widget elementor-widget-heading\" data-id=\"d306542\" data-element_type=\"widget\" data-e-type=\"widget\" data-widget_type=\"heading.default\">\n\t\t\t\t\t<h2 class=\"elementor-heading-title elementor-size-default\">Meer dan 20 jaar ervaring in high-performance omgevingen<\/h2>\t\t\t\t<\/div>\n\t\t\t\t<div class=\"elementor-element elementor-element-ad959c1 elementor-widget elementor-widget-text-editor\" data-id=\"ad959c1\" data-element_type=\"widget\" data-e-type=\"widget\" data-widget_type=\"text-editor.default\">\n\t\t\t\t\t\t\t\t\t<p><span style=\"font-weight: 400;\">Ik ben <\/span><b>Bart te Nijenhuis<\/b><span style=\"font-weight: 400;\">. Ik ben geboren in <\/span><b>Maastricht<\/b><span style=\"font-weight: 400;\"> (de mooiste stad van Nederland \ud83d\ude09) en woon sinds 2005 met veel plezier in Spanje.<\/span><\/p><p><span style=\"font-weight: 400;\">Mijn loopbaan speelde zich lange tijd af in omgevingen waar de lat hoog ligt en de druk groot is. Ik werkte met internationale teams binnen bedrijven als Nike en Adidas (waar ik CFO was van adidas Iberia). Dat waren intensieve, leerzame jaren en ze brachten me tot een belangrijk inzicht.<\/span><\/p><p><span style=\"font-weight: 400;\">Ik zag dat teams niet beter gaan presteren door n\u00f3g harder te werken of door meer middelen toe te voegen. De echte doorbraken ontstonden wanneer mensen konden werken op een manier die past bij wie zij van nature zijn. Wanneer talent, energie en verantwoordelijkheid samenkomen.<\/span><\/p><p><span style=\"font-weight: 400;\">Dat besef veranderde fundamenteel hoe ik naar werk kijk. Het werd de basis van wat ik vandaag doe: organisaties helpen om prestaties te verbeteren op een manier die werkt voor mensen \u00e9n duurzame resultaten oplevert.<\/span><\/p>\t\t\t\t\t\t\t\t<\/div>\n\t\t\t\t<div class=\"elementor-element elementor-element-e2844c6 elementor-tablet-align-center elementor-widget elementor-widget-button\" data-id=\"e2844c6\" data-element_type=\"widget\" data-e-type=\"widget\" data-widget_type=\"button.default\">\n\t\t\t\t\t\t\t\t\t\t<a class=\"elementor-button elementor-button-link elementor-size-sm\" href=\"https:\/\/cima72.com\/nl\/contact\/\">\n\t\t\t\t\t\t<span class=\"elementor-button-content-wrapper\">\n\t\t\t\t\t\t<span class=\"elementor-button-icon\">\n\t\t\t\t<i aria-hidden=\"true\" class=\" ti-arrow-top-right\"><\/i>\t\t\t<\/span>\n\t\t\t\t\t\t\t\t\t<span class=\"elementor-button-text\">Contact opnemen<\/span>\n\t\t\t\t\t<\/span>\n\t\t\t\t\t<\/a>\n\t\t\t\t\t\t\t\t<\/div>\n\t\t\t\t<\/div>\n\t\t<div class=\"elementor-element elementor-element-f0ade30 e-con-full e-flex e-con e-child\" data-id=\"f0ade30\" data-element_type=\"container\" data-e-type=\"container\">\n\t\t<div class=\"elementor-element elementor-element-6620a65 e-con-full elementor-hidden-tablet e-flex e-con e-child\" data-id=\"6620a65\" data-element_type=\"container\" data-e-type=\"container\">\n\t\t\t\t<\/div>\n\t\t\t\t<div class=\"elementor-element elementor-element-92a31c0 elementor-invisible elementor-widget elementor-widget-image\" data-id=\"92a31c0\" data-element_type=\"widget\" data-e-type=\"widget\" data-settings=\"{&quot;_animation&quot;:&quot;fadeInUp&quot;}\" data-widget_type=\"image.default\">\n\t\t\t\t\t\t\t\t\t\t\t\t\t\t\t<img fetchpriority=\"high\" decoding=\"async\" width=\"683\" height=\"1024\" src=\"https:\/\/cima72.com\/wp-content\/uploads\/2025\/10\/RYC05354-2-683x1024.jpg\" class=\"attachment-large size-large wp-image-196\" alt=\"\" srcset=\"https:\/\/cima72.com\/wp-content\/uploads\/2025\/10\/RYC05354-2-683x1024.jpg 683w, https:\/\/cima72.com\/wp-content\/uploads\/2025\/10\/RYC05354-2-200x300.jpg 200w, https:\/\/cima72.com\/wp-content\/uploads\/2025\/10\/RYC05354-2-768x1151.jpg 768w, https:\/\/cima72.com\/wp-content\/uploads\/2025\/10\/RYC05354-2.jpg 800w\" sizes=\"(max-width: 683px) 100vw, 683px\" \/>\t\t\t\t\t\t\t\t\t\t\t\t\t\t\t<\/div>\n\t\t\t\t<\/div>\n\t\t\t\t<\/div>\n\t\t\t\t\t<\/div>\n\t\t\t\t<\/div>\n\t\t<div class=\"elementor-element elementor-element-ab082db e-flex e-con-boxed e-con e-parent\" data-id=\"ab082db\" data-element_type=\"container\" data-e-type=\"container\" data-settings=\"{&quot;background_background&quot;:&quot;classic&quot;}\">\n\t\t\t\t\t<div class=\"e-con-inner\">\n\t\t<div class=\"elementor-element elementor-element-7b09109 e-con-full e-flex e-con e-child\" data-id=\"7b09109\" data-element_type=\"container\" data-e-type=\"container\">\n\t\t<div class=\"elementor-element elementor-element-abdc1af e-con-full e-flex e-con e-child\" data-id=\"abdc1af\" data-element_type=\"container\" data-e-type=\"container\">\n\t\t\t\t<div class=\"elementor-element elementor-element-992b169 elementor-view-stacked elementor-position-inline-start elementor-mobile-position-inline-start elementor-shape-circle elementor-widget elementor-widget-icon-box\" data-id=\"992b169\" data-element_type=\"widget\" data-e-type=\"widget\" data-widget_type=\"icon-box.default\">\n\t\t\t\t\t\t\t<div class=\"elementor-icon-box-wrapper\">\n\n\t\t\t\t\t\t<div class=\"elementor-icon-box-icon\">\n\t\t\t\t<span  class=\"elementor-icon\">\n\t\t\t\t<svg aria-hidden=\"true\" class=\"e-font-icon-svg e-fas-graduation-cap\" viewBox=\"0 0 640 512\" xmlns=\"http:\/\/www.w3.org\/2000\/svg\"><path d=\"M622.34 153.2L343.4 67.5c-15.2-4.67-31.6-4.67-46.79 0L17.66 153.2c-23.54 7.23-23.54 38.36 0 45.59l48.63 14.94c-10.67 13.19-17.23 29.28-17.88 46.9C38.78 266.15 32 276.11 32 288c0 10.78 5.68 19.85 13.86 25.65L20.33 428.53C18.11 438.52 25.71 448 35.94 448h56.11c10.24 0 17.84-9.48 15.62-19.47L82.14 313.65C90.32 307.85 96 298.78 96 288c0-11.57-6.47-21.25-15.66-26.87.76-15.02 8.44-28.3 20.69-36.72L296.6 284.5c9.06 2.78 26.44 6.25 46.79 0l278.95-85.7c23.55-7.24 23.55-38.36 0-45.6zM352.79 315.09c-28.53 8.76-52.84 3.92-65.59 0l-145.02-44.55L128 384c0 35.35 85.96 64 192 64s192-28.65 192-64l-14.18-113.47-145.03 44.56z\"><\/path><\/svg>\t\t\t\t<\/span>\n\t\t\t<\/div>\n\t\t\t\n\t\t\t\t\t\t<div class=\"elementor-icon-box-content\">\n\n\t\t\t\t\t\t\t\t\t<p class=\"elementor-icon-box-title\">\n\t\t\t\t\t\t<span  >\n\t\t\t\t\t\t\tMijn achtergrond\t\t\t\t\t\t<\/span>\n\t\t\t\t\t<\/p>\n\t\t\t\t\n\t\t\t\t\n\t\t\t<\/div>\n\t\t\t\n\t\t<\/div>\n\t\t\t\t\t\t<\/div>\n\t\t\t\t<div class=\"elementor-element elementor-element-c5cc6d7 elementor-widget elementor-widget-heading\" data-id=\"c5cc6d7\" data-element_type=\"widget\" data-e-type=\"widget\" data-widget_type=\"heading.default\">\n\t\t\t\t\t<h2 class=\"elementor-heading-title elementor-size-default\">Gecertificeerd Working Genius-facilitator<\/h2>\t\t\t\t<\/div>\n\t\t\t\t<div class=\"elementor-element elementor-element-2da4cff elementor-widget elementor-widget-text-editor\" data-id=\"2da4cff\" data-element_type=\"widget\" data-e-type=\"widget\" data-widget_type=\"text-editor.default\">\n\t\t\t\t\t\t\t\t\t<p><span style=\"font-weight: 400;\">Als <\/span><b>gecertificeerd Working Genius-facilitator<\/b><span style=\"font-weight: 400;\"> werk ik met de methodologie van Patrick Lencioni, die de zes vormen van natuurlijk talent zichtbaar maakt. Ik help medewerkers en teams hun natuurlijke sterke punten te herkennen, beter samen te werken en omgevingen te cre\u00ebren waarin prestaties en werkplezier hand in hand gaan.<\/span><\/p>\t\t\t\t\t\t\t\t<\/div>\n\t\t\t\t<div class=\"elementor-element elementor-element-4ec182f elementor-widget elementor-widget-heading\" data-id=\"4ec182f\" data-element_type=\"widget\" data-e-type=\"widget\" data-widget_type=\"heading.default\">\n\t\t\t\t\t<h2 class=\"elementor-heading-title elementor-size-default\">Specialisatie in integrale gezondheid<\/h2>\t\t\t\t<\/div>\n\t\t\t\t<div class=\"elementor-element elementor-element-8e93454 elementor-widget elementor-widget-text-editor\" data-id=\"8e93454\" data-element_type=\"widget\" data-e-type=\"widget\" data-widget_type=\"text-editor.default\">\n\t\t\t\t\t\t\t\t\t<p><span style=\"font-weight: 400;\">Mijn passie om mensen te helpen beter te functioneren, bracht mij ertoe me te certificeren als <\/span><b>Precision Nutrition-coach<\/b><span style=\"font-weight: 400;\">, met focus op voeding, gezondheid, slaap, stressmanagement en herstel. Zo combineer ik mijn ervaring in organisaties met een mensgerichte, praktische aanpak die energie, mentale helderheid en veerkracht versterkt.<\/span><\/p><p><span style=\"font-weight: 400;\">Maar wat mij \u00e9cht onderscheidt, is niet alleen mijn ervaring of mijn certificeringen. Wat mij drijft, is iets persoonlijks.<\/span><\/p><p><span style=\"font-weight: 400;\">Ik geloof dat het leven bedoeld is om er volop van te <\/span><b>genieten<\/b><span style=\"font-weight: 400;\">, ook in het werk.<\/span><\/p><p><span style=\"font-weight: 400;\">Het doet mij oprecht veel goed om te zien hoe mensen hun energie terugvinden wanneer zij weer verbinding maken met wat hen van nature laat stralen.<\/span><\/p><p><span style=\"font-weight: 400;\">Ik weet hoe het is om door fases van verandering te gaan en een balans te zoeken tussen werk en priv\u00e9, omdat ik dat zelf ook heb meegemaakt.<\/span><\/p><p><span style=\"font-weight: 400;\">Buiten het werk vind je mij op het rugbyveld (ok\u00e9, eerlijk is eerlijk: langs de zijlijn), in de keuken, in de bergen, of met een goed glas whisky en een fijn boek. Dat alles hoort bij wie ik ben en bij hoe ik in het leven sta: met intensiteit, plezier en authenticiteit.<\/span><\/p><p><span style=\"font-weight: 400;\">Mijn missie is eenvoudig: <\/span><b>mensen en teams helpen beter te werken, beter te leven en meer te genieten van wat zij elke dag doen.<\/b><\/p>\t\t\t\t\t\t\t\t<\/div>\n\t\t\t\t<\/div>\n\t\t<div class=\"elementor-element elementor-element-c1de95f e-grid e-con-full e-con e-child\" data-id=\"c1de95f\" data-element_type=\"container\" data-e-type=\"container\">\n\t\t\t\t<div class=\"elementor-element elementor-element-1d30580 elementor-widget elementor-widget-image\" data-id=\"1d30580\" data-element_type=\"widget\" data-e-type=\"widget\" data-widget_type=\"image.default\">\n\t\t\t\t\t\t\t\t\t\t\t\t\t\t\t<img decoding=\"async\" width=\"540\" height=\"540\" src=\"https:\/\/cima72.com\/wp-content\/uploads\/2025\/10\/PN-SSR-Coach-1.png\" class=\"attachment-full size-full wp-image-310\" alt=\"\" srcset=\"https:\/\/cima72.com\/wp-content\/uploads\/2025\/10\/PN-SSR-Coach-1.png 540w, https:\/\/cima72.com\/wp-content\/uploads\/2025\/10\/PN-SSR-Coach-1-300x300.png 300w, https:\/\/cima72.com\/wp-content\/uploads\/2025\/10\/PN-SSR-Coach-1-150x150.png 150w\" sizes=\"(max-width: 540px) 100vw, 540px\" \/>\t\t\t\t\t\t\t\t\t\t\t\t\t\t\t<\/div>\n\t\t\t\t<div class=\"elementor-element elementor-element-f47fc45 elementor-widget elementor-widget-image\" data-id=\"f47fc45\" data-element_type=\"widget\" data-e-type=\"widget\" data-widget_type=\"image.default\">\n\t\t\t\t\t\t\t\t\t\t\t\t\t\t\t<img decoding=\"async\" width=\"540\" height=\"540\" src=\"https:\/\/cima72.com\/wp-content\/uploads\/2025\/10\/PN-Level-2-Coach-1.png\" class=\"attachment-large size-large wp-image-309\" alt=\"\" srcset=\"https:\/\/cima72.com\/wp-content\/uploads\/2025\/10\/PN-Level-2-Coach-1.png 540w, https:\/\/cima72.com\/wp-content\/uploads\/2025\/10\/PN-Level-2-Coach-1-300x300.png 300w, https:\/\/cima72.com\/wp-content\/uploads\/2025\/10\/PN-Level-2-Coach-1-150x150.png 150w\" sizes=\"(max-width: 540px) 100vw, 540px\" \/>\t\t\t\t\t\t\t\t\t\t\t\t\t\t\t<\/div>\n\t\t\t\t<div class=\"elementor-element elementor-element-e506fe1 elementor-widget elementor-widget-image\" data-id=\"e506fe1\" data-element_type=\"widget\" data-e-type=\"widget\" data-widget_type=\"image.default\">\n\t\t\t\t\t\t\t\t\t\t\t\t\t\t\t<img loading=\"lazy\" decoding=\"async\" width=\"540\" height=\"540\" src=\"https:\/\/cima72.com\/wp-content\/uploads\/2025\/10\/PN-Change-psychology-1.png\" class=\"attachment-large size-large wp-image-307\" alt=\"\" srcset=\"https:\/\/cima72.com\/wp-content\/uploads\/2025\/10\/PN-Change-psychology-1.png 540w, https:\/\/cima72.com\/wp-content\/uploads\/2025\/10\/PN-Change-psychology-1-300x300.png 300w, https:\/\/cima72.com\/wp-content\/uploads\/2025\/10\/PN-Change-psychology-1-150x150.png 150w\" sizes=\"(max-width: 540px) 100vw, 540px\" \/>\t\t\t\t\t\t\t\t\t\t\t\t\t\t\t<\/div>\n\t\t\t\t<div class=\"elementor-element elementor-element-9f092f1 elementor-widget elementor-widget-image\" data-id=\"9f092f1\" data-element_type=\"widget\" data-e-type=\"widget\" data-widget_type=\"image.default\">\n\t\t\t\t\t\t\t\t\t\t\t\t\t\t\t<img loading=\"lazy\" decoding=\"async\" width=\"540\" height=\"540\" src=\"https:\/\/cima72.com\/wp-content\/uploads\/2025\/10\/PN-Level-1-Coach-1.png\" class=\"attachment-large size-large wp-image-308\" alt=\"\" srcset=\"https:\/\/cima72.com\/wp-content\/uploads\/2025\/10\/PN-Level-1-Coach-1.png 540w, https:\/\/cima72.com\/wp-content\/uploads\/2025\/10\/PN-Level-1-Coach-1-300x300.png 300w, https:\/\/cima72.com\/wp-content\/uploads\/2025\/10\/PN-Level-1-Coach-1-150x150.png 150w\" sizes=\"(max-width: 540px) 100vw, 540px\" \/>\t\t\t\t\t\t\t\t\t\t\t\t\t\t\t<\/div>\n\t\t\t\t<div class=\"elementor-element elementor-element-6503471 elementor-widget elementor-widget-image\" data-id=\"6503471\" data-element_type=\"widget\" data-e-type=\"widget\" data-widget_type=\"image.default\">\n\t\t\t\t\t\t\t\t\t\t\t\t\t\t\t<img loading=\"lazy\" decoding=\"async\" width=\"600\" height=\"600\" src=\"https:\/\/cima72.com\/wp-content\/uploads\/2025\/10\/certified-badge.webp\" class=\"attachment-large size-large wp-image-335\" alt=\"\" srcset=\"https:\/\/cima72.com\/wp-content\/uploads\/2025\/10\/certified-badge.webp 600w, https:\/\/cima72.com\/wp-content\/uploads\/2025\/10\/certified-badge-300x300.webp 300w, https:\/\/cima72.com\/wp-content\/uploads\/2025\/10\/certified-badge-150x150.webp 150w\" sizes=\"(max-width: 600px) 100vw, 600px\" \/>\t\t\t\t\t\t\t\t\t\t\t\t\t\t\t<\/div>\n\t\t\t\t<\/div>\n\t\t\t\t<\/div>\n\t\t<div class=\"elementor-element elementor-element-be6fefb e-con-full e-flex e-con e-child\" data-id=\"be6fefb\" data-element_type=\"container\" data-e-type=\"container\">\n\t\t<div class=\"elementor-element elementor-element-858e562 e-con-full elementor-hidden-desktop elementor-hidden-tablet elementor-hidden-mobile e-flex e-con e-child\" data-id=\"858e562\" data-element_type=\"container\" data-e-type=\"container\">\n\t\t<div class=\"elementor-element elementor-element-ccec13e e-con-full e-flex e-con e-child\" data-id=\"ccec13e\" data-element_type=\"container\" data-e-type=\"container\">\n\t\t\t\t<div class=\"elementor-element elementor-element-c414fb1 elementor-vertical-align-middle elementor-widget elementor-widget-image-box\" data-id=\"c414fb1\" data-element_type=\"widget\" data-e-type=\"widget\" data-widget_type=\"image-box.default\">\n\t\t\t\t\t<div class=\"elementor-image-box-wrapper\"><div class=\"elementor-image-box-content\"><h3 class=\"elementor-image-box-title\">Mi forma de trabajar<\/h3><p class=\"elementor-image-box-description\">En mi labor como coach y consultor utilizo Los Seis Genios del Trabajo de Patrick Lencioni, una metodolog\u00eda que ayuda a cada persona a identificar sus talentos naturales dentro de un equipo.<\/p><\/div><\/div>\t\t\t\t<\/div>\n\t\t\t\t<div class=\"elementor-element elementor-element-2c92b04 elementor-widget-divider--view-line elementor-widget elementor-widget-divider\" data-id=\"2c92b04\" data-element_type=\"widget\" data-e-type=\"widget\" data-widget_type=\"divider.default\">\n\t\t\t\t\t\t\t<div class=\"elementor-divider\">\n\t\t\t<span class=\"elementor-divider-separator\">\n\t\t\t\t\t\t<\/span>\n\t\t<\/div>\n\t\t\t\t\t\t<\/div>\n\t\t\t\t<div class=\"elementor-element elementor-element-74cca93 elementor-vertical-align-middle elementor-widget elementor-widget-image-box\" data-id=\"74cca93\" data-element_type=\"widget\" data-e-type=\"widget\" data-widget_type=\"image-box.default\">\n\t\t\t\t\t<div class=\"elementor-image-box-wrapper\"><div class=\"elementor-image-box-content\"><h3 class=\"elementor-image-box-title\">Lo que aporto a los equipos<\/h3><p class=\"elementor-image-box-description\">Gu\u00edo a las empresas en talleres donde descubrimos juntos c\u00f3mo aplicar esos talentos al d\u00eda a d\u00eda. El modelo es claro, pr\u00e1ctico y ofrece un lenguaje com\u00fan que mejora la comunicaci\u00f3n y la colaboraci\u00f3n.<\/p><\/div><\/div>\t\t\t\t<\/div>\n\t\t\t\t<div class=\"elementor-element elementor-element-306ebef elementor-widget-divider--view-line elementor-widget elementor-widget-divider\" data-id=\"306ebef\" data-element_type=\"widget\" data-e-type=\"widget\" data-widget_type=\"divider.default\">\n\t\t\t\t\t\t\t<div class=\"elementor-divider\">\n\t\t\t<span class=\"elementor-divider-separator\">\n\t\t\t\t\t\t<\/span>\n\t\t<\/div>\n\t\t\t\t\t\t<\/div>\n\t\t\t\t<div class=\"elementor-element elementor-element-cd8395a elementor-vertical-align-middle elementor-widget elementor-widget-image-box\" data-id=\"cd8395a\" data-element_type=\"widget\" data-e-type=\"widget\" data-widget_type=\"image-box.default\">\n\t\t\t\t\t<div class=\"elementor-image-box-wrapper\"><div class=\"elementor-image-box-content\"><h3 class=\"elementor-image-box-title\">El impacto real<\/h3><p class=\"elementor-image-box-description\">Mi compromiso es que cada sesi\u00f3n genere claridad, motivaci\u00f3n y resultados medibles, de forma que tanto las personas como la empresa se beneficien desde el primer d\u00eda.<\/p><\/div><\/div>\t\t\t\t<\/div>\n\t\t\t\t<\/div>\n\t\t<div class=\"elementor-element elementor-element-cd43b46 e-con-full e-flex e-con e-child\" data-id=\"cd43b46\" data-element_type=\"container\" data-e-type=\"container\">\n\t\t\t\t<div class=\"elementor-element elementor-element-707280e elementor-invisible elementor-widget elementor-widget-image\" data-id=\"707280e\" data-element_type=\"widget\" data-e-type=\"widget\" data-settings=\"{&quot;_animation&quot;:&quot;fadeInUp&quot;}\" data-widget_type=\"image.default\">\n\t\t\t\t\t\t\t\t\t\t\t\t\t\t\t<img loading=\"lazy\" decoding=\"async\" width=\"800\" height=\"560\" src=\"https:\/\/cima72.com\/wp-content\/uploads\/2025\/10\/1.jpg\" class=\"attachment-large size-large wp-image-822\" alt=\"\" srcset=\"https:\/\/cima72.com\/wp-content\/uploads\/2025\/10\/1.jpg 875w, https:\/\/cima72.com\/wp-content\/uploads\/2025\/10\/1-300x210.jpg 300w, https:\/\/cima72.com\/wp-content\/uploads\/2025\/10\/1-768x537.jpg 768w\" sizes=\"(max-width: 800px) 100vw, 800px\" \/>\t\t\t\t\t\t\t\t\t\t\t\t\t\t\t<\/div>\n\t\t\t\t<\/div>\n\t\t\t\t<\/div>\n\t\t\t\t<\/div>\n\t\t\t\t\t<\/div>\n\t\t\t\t<\/div>\n\t\t\t\t<\/div>\n\t\t","protected":false},"excerpt":{"rendered":"<p>Over mij Meer dan 20 jaar ervaring in high-performance omgevingen Ik ben Bart te Nijenhuis. Ik ben geboren in Maastricht (de mooiste stad van Nederland \ud83d\ude09) en woon sinds 2005 met veel plezier in Spanje. Mijn loopbaan speelde zich lange tijd af in omgevingen waar de lat hoog ligt en de druk groot is. Ik [&hellip;]<\/p>\n","protected":false},"author":1,"featured_media":0,"parent":0,"menu_order":0,"comment_status":"closed","ping_status":"closed","template":"elementor_header_footer","meta":{"footnotes":""},"class_list":["post-820","page","type-page","status-publish","hentry"],"_links":{"self":[{"href":"https:\/\/cima72.com\/nl\/wp-json\/wp\/v2\/pages\/820","targetHints":{"allow":["GET"]}}],"collection":[{"href":"https:\/\/cima72.com\/nl\/wp-json\/wp\/v2\/pages"}],"about":[{"href":"https:\/\/cima72.com\/nl\/wp-json\/wp\/v2\/types\/page"}],"author":[{"embeddable":true,"href":"https:\/\/cima72.com\/nl\/wp-json\/wp\/v2\/users\/1"}],"replies":[{"embeddable":true,"href":"https:\/\/cima72.com\/nl\/wp-json\/wp\/v2\/comments?post=820"}],"version-history":[{"count":8,"href":"https:\/\/cima72.com\/nl\/wp-json\/wp\/v2\/pages\/820\/revisions"}],"predecessor-version":[{"id":866,"href":"https:\/\/cima72.com\/nl\/wp-json\/wp\/v2\/pages\/820\/revisions\/866"}],"wp:attachment":[{"href":"https:\/\/cima72.com\/nl\/wp-json\/wp\/v2\/media?parent=820"}],"curies":[{"name":"wp","href":"https:\/\/api.w.org\/{rel}","templated":true}]}}