{"id":517,"date":"2025-10-02T08:41:24","date_gmt":"2025-10-02T08:41:24","guid":{"rendered":"https:\/\/cima72.com\/quien-soy\/"},"modified":"2025-11-05T12:48:48","modified_gmt":"2025-11-05T12:48:48","slug":"about-me","status":"publish","type":"page","link":"https:\/\/cima72.com\/en\/about-me\/","title":{"rendered":"About me"},"content":{"rendered":"\t\t<div data-elementor-type=\"wp-page\" data-elementor-id=\"517\" class=\"elementor elementor-517 elementor-157\" data-elementor-post-type=\"page\">\n\t\t\t\t<div class=\"elementor-element elementor-element-d82801c e-flex e-con-boxed e-con e-parent\" data-id=\"d82801c\" data-element_type=\"container\" data-e-type=\"container\" data-settings=\"{&quot;background_background&quot;:&quot;classic&quot;}\">\n\t\t\t\t\t<div class=\"e-con-inner\">\n\t\t<div class=\"elementor-element elementor-element-2132797d e-con-full e-flex e-con e-child\" data-id=\"2132797d\" data-element_type=\"container\" data-e-type=\"container\">\n\t\t<div class=\"elementor-element elementor-element-9f10f0 e-con-full e-flex e-con e-child\" data-id=\"9f10f0\" data-element_type=\"container\" data-e-type=\"container\">\n\t\t\t\t<div class=\"elementor-element elementor-element-116e1d94 elementor-widget elementor-widget-heading\" data-id=\"116e1d94\" data-element_type=\"widget\" data-e-type=\"widget\" data-widget_type=\"heading.default\">\n\t\t\t\t\t<h1 class=\"elementor-heading-title elementor-size-default\">About me<\/h1>\t\t\t\t<\/div>\n\t\t\t\t<\/div>\n\t\t\t\t<\/div>\n\t\t\t\t\t<\/div>\n\t\t\t\t<\/div>\n\t\t<div class=\"elementor-element elementor-element-c8607c0 e-flex e-con-boxed e-con e-parent\" data-id=\"c8607c0\" data-element_type=\"container\" data-e-type=\"container\" data-settings=\"{&quot;background_background&quot;:&quot;classic&quot;}\">\n\t\t\t\t\t<div class=\"e-con-inner\">\n\t\t<div class=\"elementor-element elementor-element-bc85b60 e-con-full e-flex e-con e-child\" data-id=\"bc85b60\" data-element_type=\"container\" data-e-type=\"container\">\n\t\t<div class=\"elementor-element elementor-element-439b810 e-con-full e-flex e-con e-child\" data-id=\"439b810\" data-element_type=\"container\" data-e-type=\"container\">\n\t\t\t\t<div class=\"elementor-element elementor-element-d306542 elementor-widget elementor-widget-heading\" data-id=\"d306542\" data-element_type=\"widget\" data-e-type=\"widget\" data-widget_type=\"heading.default\">\n\t\t\t\t\t<h2 class=\"elementor-heading-title elementor-size-default\">Over 20 Years Of Experience In High-Performance Environments<\/h2>\t\t\t\t<\/div>\n\t\t\t\t<div class=\"elementor-element elementor-element-ad959c1 elementor-widget elementor-widget-text-editor\" data-id=\"ad959c1\" data-element_type=\"widget\" data-e-type=\"widget\" data-widget_type=\"text-editor.default\">\n\t\t\t\t\t\t\t\t\t<p>I am\u00a0<strong>Bart te Nijenhuis\u00a0<\/strong>. I was born in\u00a0<strong>Maastricht\u00a0<\/strong>(the most beautiful city in Holland\u2026) and since 2005 I have been lucky enough to live in Spain.<\/p><p>My career began in\u00a0<strong>high-performance corporate environments\u00a0<\/strong>, working at extraordinary companies like\u00a0<strong>Nike\u00a0<\/strong>and\u00a0<strong>Adidas\u00a0<\/strong>(where I was CFO of Adidas Iberia). There I learned something key: teams don&#8217;t achieve exceptional results solely through effort or resources, but when each person works from their\u00a0<strong>innate talents\u00a0<\/strong>. That experience marked a turning point in my understanding of work.<\/p>\t\t\t\t\t\t\t\t<\/div>\n\t\t\t\t<div class=\"elementor-element elementor-element-e2844c6 elementor-tablet-align-center elementor-widget elementor-widget-button\" data-id=\"e2844c6\" data-element_type=\"widget\" data-e-type=\"widget\" data-widget_type=\"button.default\">\n\t\t\t\t\t\t\t\t\t\t<a class=\"elementor-button elementor-button-link elementor-size-sm\" href=\"https:\/\/cima72.com\/en\/contact\/\">\n\t\t\t\t\t\t<span class=\"elementor-button-content-wrapper\">\n\t\t\t\t\t\t<span class=\"elementor-button-icon\">\n\t\t\t\t<i aria-hidden=\"true\" class=\" ti-arrow-top-right\"><\/i>\t\t\t<\/span>\n\t\t\t\t\t\t\t\t\t<span class=\"elementor-button-text\">Contact Me<\/span>\n\t\t\t\t\t<\/span>\n\t\t\t\t\t<\/a>\n\t\t\t\t\t\t\t\t<\/div>\n\t\t\t\t<\/div>\n\t\t<div class=\"elementor-element elementor-element-f0ade30 e-con-full e-flex e-con e-child\" data-id=\"f0ade30\" data-element_type=\"container\" data-e-type=\"container\">\n\t\t<div class=\"elementor-element elementor-element-6620a65 e-con-full elementor-hidden-tablet e-flex e-con e-child\" data-id=\"6620a65\" data-element_type=\"container\" data-e-type=\"container\">\n\t\t\t\t<\/div>\n\t\t\t\t<div class=\"elementor-element elementor-element-92a31c0 elementor-invisible elementor-widget elementor-widget-image\" data-id=\"92a31c0\" data-element_type=\"widget\" data-e-type=\"widget\" data-settings=\"{&quot;_animation&quot;:&quot;fadeInUp&quot;}\" data-widget_type=\"image.default\">\n\t\t\t\t\t\t\t\t\t\t\t\t\t\t\t<img fetchpriority=\"high\" decoding=\"async\" width=\"683\" height=\"1024\" src=\"https:\/\/cima72.com\/wp-content\/uploads\/2025\/10\/RYC05354-2-683x1024.jpg\" class=\"attachment-large size-large wp-image-462\" alt=\"\" srcset=\"https:\/\/cima72.com\/wp-content\/uploads\/2025\/10\/RYC05354-2-683x1024.jpg 683w, https:\/\/cima72.com\/wp-content\/uploads\/2025\/10\/RYC05354-2-200x300.jpg 200w, https:\/\/cima72.com\/wp-content\/uploads\/2025\/10\/RYC05354-2-768x1151.jpg 768w, https:\/\/cima72.com\/wp-content\/uploads\/2025\/10\/RYC05354-2.jpg 800w\" sizes=\"(max-width: 683px) 100vw, 683px\" \/>\t\t\t\t\t\t\t\t\t\t\t\t\t\t\t<\/div>\n\t\t\t\t<\/div>\n\t\t\t\t<\/div>\n\t\t\t\t\t<\/div>\n\t\t\t\t<\/div>\n\t\t<div class=\"elementor-element elementor-element-ab082db e-flex e-con-boxed e-con e-parent\" data-id=\"ab082db\" data-element_type=\"container\" data-e-type=\"container\" data-settings=\"{&quot;background_background&quot;:&quot;classic&quot;}\">\n\t\t\t\t\t<div class=\"e-con-inner\">\n\t\t<div class=\"elementor-element elementor-element-7b09109 e-con-full e-flex e-con e-child\" data-id=\"7b09109\" data-element_type=\"container\" data-e-type=\"container\">\n\t\t<div class=\"elementor-element elementor-element-abdc1af e-con-full e-flex e-con e-child\" data-id=\"abdc1af\" data-element_type=\"container\" data-e-type=\"container\">\n\t\t\t\t<div class=\"elementor-element elementor-element-992b169 elementor-view-stacked elementor-position-inline-start elementor-mobile-position-inline-start elementor-shape-circle elementor-widget elementor-widget-icon-box\" data-id=\"992b169\" data-element_type=\"widget\" data-e-type=\"widget\" data-widget_type=\"icon-box.default\">\n\t\t\t\t\t\t\t<div class=\"elementor-icon-box-wrapper\">\n\n\t\t\t\t\t\t<div class=\"elementor-icon-box-icon\">\n\t\t\t\t<span  class=\"elementor-icon\">\n\t\t\t\t<svg aria-hidden=\"true\" class=\"e-font-icon-svg e-fas-graduation-cap\" viewBox=\"0 0 640 512\" xmlns=\"http:\/\/www.w3.org\/2000\/svg\"><path d=\"M622.34 153.2L343.4 67.5c-15.2-4.67-31.6-4.67-46.79 0L17.66 153.2c-23.54 7.23-23.54 38.36 0 45.59l48.63 14.94c-10.67 13.19-17.23 29.28-17.88 46.9C38.78 266.15 32 276.11 32 288c0 10.78 5.68 19.85 13.86 25.65L20.33 428.53C18.11 438.52 25.71 448 35.94 448h56.11c10.24 0 17.84-9.48 15.62-19.47L82.14 313.65C90.32 307.85 96 298.78 96 288c0-11.57-6.47-21.25-15.66-26.87.76-15.02 8.44-28.3 20.69-36.72L296.6 284.5c9.06 2.78 26.44 6.25 46.79 0l278.95-85.7c23.55-7.24 23.55-38.36 0-45.6zM352.79 315.09c-28.53 8.76-52.84 3.92-65.59 0l-145.02-44.55L128 384c0 35.35 85.96 64 192 64s192-28.65 192-64l-14.18-113.47-145.03 44.56z\"><\/path><\/svg>\t\t\t\t<\/span>\n\t\t\t<\/div>\n\t\t\t\n\t\t\t\t\t\t<div class=\"elementor-icon-box-content\">\n\n\t\t\t\t\t\t\t\t\t<p class=\"elementor-icon-box-title\">\n\t\t\t\t\t\t<span  >\n\t\t\t\t\t\t\tMy Training\t\t\t\t\t\t<\/span>\n\t\t\t\t\t<\/p>\n\t\t\t\t\n\t\t\t\t\n\t\t\t<\/div>\n\t\t\t\n\t\t<\/div>\n\t\t\t\t\t\t<\/div>\n\t\t\t\t<div class=\"elementor-element elementor-element-c5cc6d7 elementor-widget elementor-widget-heading\" data-id=\"c5cc6d7\" data-element_type=\"widget\" data-e-type=\"widget\" data-widget_type=\"heading.default\">\n\t\t\t\t\t<h2 class=\"elementor-heading-title elementor-size-default\">Certified Facilitator In Working Genius<\/h2>\t\t\t\t<\/div>\n\t\t\t\t<div class=\"elementor-element elementor-element-2da4cff elementor-widget elementor-widget-text-editor\" data-id=\"2da4cff\" data-element_type=\"widget\" data-e-type=\"widget\" data-widget_type=\"text-editor.default\">\n\t\t\t\t\t\t\t\t\t<p><strong>I am a certified facilitator of Working Genius<\/strong>, Patrick Lencioni&#8217;s methodology that reveals the six geniuses of work. I help employees and teams identify their natural strengths, improve collaboration, and create high-performance environments with greater workplace well-being.<\/p>\t\t\t\t\t\t\t\t<\/div>\n\t\t\t\t<div class=\"elementor-element elementor-element-4ec182f elementor-widget elementor-widget-heading\" data-id=\"4ec182f\" data-element_type=\"widget\" data-e-type=\"widget\" data-widget_type=\"heading.default\">\n\t\t\t\t\t<h2 class=\"elementor-heading-title elementor-size-default\">Specialized In Integrated Health<\/h2>\t\t\t\t<\/div>\n\t\t\t\t<div class=\"elementor-element elementor-element-8e93454 elementor-widget elementor-widget-text-editor\" data-id=\"8e93454\" data-element_type=\"widget\" data-e-type=\"widget\" data-widget_type=\"text-editor.default\">\n\t\t\t\t\t\t\t\t\t<p>My passion for helping people perform better led me to become a certified\u00a0<strong>Precision Nutrition coach specializing in nutrition, sleep, stress management, and recovery.\u00a0<\/strong>This allows me to complement my business experience with a human-centered and practical approach that boosts energy, mental clarity, and resilience.<\/p><p>\u00a0<\/p><p>But what makes me unique isn&#8217;t just my experience or my certifications. What drives me is something personal:<\/p><p>I believe that life is meant to be\u00a0<strong>enjoyed to the fullest<\/strong>, including at work.<\/p><p>I am passionate about seeing how someone regains their energy when they connect with what truly makes them shine.<\/p><p>I know what it means to go through stages of change and find the balance between personal and professional life, because I have experienced it too.<\/p><p>Outside of work, you&#8217;ll find me on a\u00a0<strong>rugby pitch\u00a0<\/strong>(well, to be honest, on the sidelines), in the\u00a0<strong>kitchen\u00a0<\/strong>, in the\u00a0<strong>mountains ,\u00a0<\/strong>or enjoying a good\u00a0<strong>whiskey\u00a0<\/strong>while engrossed in a good book. All of that is part of who I am and how I see life: with intensity, enjoyment, and authenticity.<\/p><p>My mission is simple:\u00a0<strong>to help people and teams work better, live better, and enjoy what they do every day more\u00a0<\/strong>.<\/p>\t\t\t\t\t\t\t\t<\/div>\n\t\t\t\t<\/div>\n\t\t<div class=\"elementor-element elementor-element-c1de95f e-grid e-con-full e-con e-child\" data-id=\"c1de95f\" data-element_type=\"container\" data-e-type=\"container\">\n\t\t\t\t<div class=\"elementor-element elementor-element-1d30580 elementor-widget elementor-widget-image\" data-id=\"1d30580\" data-element_type=\"widget\" data-e-type=\"widget\" data-widget_type=\"image.default\">\n\t\t\t\t\t\t\t\t\t\t\t\t\t\t\t<img decoding=\"async\" width=\"540\" height=\"540\" src=\"https:\/\/cima72.com\/wp-content\/uploads\/2025\/10\/PN-SSR-Coach-1.png\" class=\"attachment-full size-full wp-image-479\" alt=\"\" srcset=\"https:\/\/cima72.com\/wp-content\/uploads\/2025\/10\/PN-SSR-Coach-1.png 540w, https:\/\/cima72.com\/wp-content\/uploads\/2025\/10\/PN-SSR-Coach-1-300x300.png 300w, https:\/\/cima72.com\/wp-content\/uploads\/2025\/10\/PN-SSR-Coach-1-150x150.png 150w\" sizes=\"(max-width: 540px) 100vw, 540px\" \/>\t\t\t\t\t\t\t\t\t\t\t\t\t\t\t<\/div>\n\t\t\t\t<div class=\"elementor-element elementor-element-f47fc45 elementor-widget elementor-widget-image\" data-id=\"f47fc45\" data-element_type=\"widget\" data-e-type=\"widget\" data-widget_type=\"image.default\">\n\t\t\t\t\t\t\t\t\t\t\t\t\t\t\t<img decoding=\"async\" width=\"540\" height=\"540\" src=\"https:\/\/cima72.com\/wp-content\/uploads\/2025\/10\/PN-Level-2-Coach-1.png\" class=\"attachment-large size-large wp-image-478\" alt=\"\" srcset=\"https:\/\/cima72.com\/wp-content\/uploads\/2025\/10\/PN-Level-2-Coach-1.png 540w, https:\/\/cima72.com\/wp-content\/uploads\/2025\/10\/PN-Level-2-Coach-1-300x300.png 300w, https:\/\/cima72.com\/wp-content\/uploads\/2025\/10\/PN-Level-2-Coach-1-150x150.png 150w\" sizes=\"(max-width: 540px) 100vw, 540px\" \/>\t\t\t\t\t\t\t\t\t\t\t\t\t\t\t<\/div>\n\t\t\t\t<div class=\"elementor-element elementor-element-e506fe1 elementor-widget elementor-widget-image\" data-id=\"e506fe1\" data-element_type=\"widget\" data-e-type=\"widget\" data-widget_type=\"image.default\">\n\t\t\t\t\t\t\t\t\t\t\t\t\t\t\t<img loading=\"lazy\" decoding=\"async\" width=\"540\" height=\"540\" src=\"https:\/\/cima72.com\/wp-content\/uploads\/2025\/10\/PN-Change-psychology-1.png\" class=\"attachment-large size-large wp-image-476\" alt=\"\" srcset=\"https:\/\/cima72.com\/wp-content\/uploads\/2025\/10\/PN-Change-psychology-1.png 540w, https:\/\/cima72.com\/wp-content\/uploads\/2025\/10\/PN-Change-psychology-1-300x300.png 300w, https:\/\/cima72.com\/wp-content\/uploads\/2025\/10\/PN-Change-psychology-1-150x150.png 150w\" sizes=\"(max-width: 540px) 100vw, 540px\" \/>\t\t\t\t\t\t\t\t\t\t\t\t\t\t\t<\/div>\n\t\t\t\t<div class=\"elementor-element elementor-element-9f092f1 elementor-widget elementor-widget-image\" data-id=\"9f092f1\" data-element_type=\"widget\" data-e-type=\"widget\" data-widget_type=\"image.default\">\n\t\t\t\t\t\t\t\t\t\t\t\t\t\t\t<img loading=\"lazy\" decoding=\"async\" width=\"540\" height=\"540\" src=\"https:\/\/cima72.com\/wp-content\/uploads\/2025\/10\/PN-Level-1-Coach-1.png\" class=\"attachment-large size-large wp-image-477\" alt=\"\" srcset=\"https:\/\/cima72.com\/wp-content\/uploads\/2025\/10\/PN-Level-1-Coach-1.png 540w, https:\/\/cima72.com\/wp-content\/uploads\/2025\/10\/PN-Level-1-Coach-1-300x300.png 300w, https:\/\/cima72.com\/wp-content\/uploads\/2025\/10\/PN-Level-1-Coach-1-150x150.png 150w\" sizes=\"(max-width: 540px) 100vw, 540px\" \/>\t\t\t\t\t\t\t\t\t\t\t\t\t\t\t<\/div>\n\t\t\t\t<div class=\"elementor-element elementor-element-6503471 elementor-widget elementor-widget-image\" data-id=\"6503471\" data-element_type=\"widget\" data-e-type=\"widget\" data-widget_type=\"image.default\">\n\t\t\t\t\t\t\t\t\t\t\t\t\t\t\t<img loading=\"lazy\" decoding=\"async\" width=\"600\" height=\"600\" src=\"https:\/\/cima72.com\/wp-content\/uploads\/2025\/10\/certified-badge.webp\" class=\"attachment-large size-large wp-image-480\" alt=\"\" srcset=\"https:\/\/cima72.com\/wp-content\/uploads\/2025\/10\/certified-badge.webp 600w, https:\/\/cima72.com\/wp-content\/uploads\/2025\/10\/certified-badge-300x300.webp 300w, https:\/\/cima72.com\/wp-content\/uploads\/2025\/10\/certified-badge-150x150.webp 150w\" sizes=\"(max-width: 600px) 100vw, 600px\" \/>\t\t\t\t\t\t\t\t\t\t\t\t\t\t\t<\/div>\n\t\t\t\t<\/div>\n\t\t\t\t<\/div>\n\t\t<div class=\"elementor-element elementor-element-be6fefb e-con-full e-flex e-con e-child\" data-id=\"be6fefb\" data-element_type=\"container\" data-e-type=\"container\">\n\t\t<div class=\"elementor-element elementor-element-858e562 e-con-full elementor-hidden-desktop elementor-hidden-tablet elementor-hidden-mobile e-flex e-con e-child\" data-id=\"858e562\" data-element_type=\"container\" data-e-type=\"container\">\n\t\t<div class=\"elementor-element elementor-element-ccec13e e-con-full e-flex e-con e-child\" data-id=\"ccec13e\" data-element_type=\"container\" data-e-type=\"container\">\n\t\t\t\t<div class=\"elementor-element elementor-element-c414fb1 elementor-vertical-align-middle elementor-widget elementor-widget-image-box\" data-id=\"c414fb1\" data-element_type=\"widget\" data-e-type=\"widget\" data-widget_type=\"image-box.default\">\n\t\t\t\t\t<div class=\"elementor-image-box-wrapper\"><div class=\"elementor-image-box-content\"><h3 class=\"elementor-image-box-title\">Mi forma de trabajar<\/h3><p class=\"elementor-image-box-description\">En mi labor como coach y consultor utilizo Los Seis Genios del Trabajo de Patrick Lencioni, una metodolog\u00eda que ayuda a cada persona a identificar sus talentos naturales dentro de un equipo.<\/p><\/div><\/div>\t\t\t\t<\/div>\n\t\t\t\t<div class=\"elementor-element elementor-element-2c92b04 elementor-widget-divider--view-line elementor-widget elementor-widget-divider\" data-id=\"2c92b04\" data-element_type=\"widget\" data-e-type=\"widget\" data-widget_type=\"divider.default\">\n\t\t\t\t\t\t\t<div class=\"elementor-divider\">\n\t\t\t<span class=\"elementor-divider-separator\">\n\t\t\t\t\t\t<\/span>\n\t\t<\/div>\n\t\t\t\t\t\t<\/div>\n\t\t\t\t<div class=\"elementor-element elementor-element-74cca93 elementor-vertical-align-middle elementor-widget elementor-widget-image-box\" data-id=\"74cca93\" data-element_type=\"widget\" data-e-type=\"widget\" data-widget_type=\"image-box.default\">\n\t\t\t\t\t<div class=\"elementor-image-box-wrapper\"><div class=\"elementor-image-box-content\"><h3 class=\"elementor-image-box-title\">Lo que aporto a los equipos<\/h3><p class=\"elementor-image-box-description\">Gu\u00edo a las empresas en talleres donde descubrimos juntos c\u00f3mo aplicar esos talentos al d\u00eda a d\u00eda. El modelo es claro, pr\u00e1ctico y ofrece un lenguaje com\u00fan que mejora la comunicaci\u00f3n y la colaboraci\u00f3n.<\/p><\/div><\/div>\t\t\t\t<\/div>\n\t\t\t\t<div class=\"elementor-element elementor-element-306ebef elementor-widget-divider--view-line elementor-widget elementor-widget-divider\" data-id=\"306ebef\" data-element_type=\"widget\" data-e-type=\"widget\" data-widget_type=\"divider.default\">\n\t\t\t\t\t\t\t<div class=\"elementor-divider\">\n\t\t\t<span class=\"elementor-divider-separator\">\n\t\t\t\t\t\t<\/span>\n\t\t<\/div>\n\t\t\t\t\t\t<\/div>\n\t\t\t\t<div class=\"elementor-element elementor-element-cd8395a elementor-vertical-align-middle elementor-widget elementor-widget-image-box\" data-id=\"cd8395a\" data-element_type=\"widget\" data-e-type=\"widget\" data-widget_type=\"image-box.default\">\n\t\t\t\t\t<div class=\"elementor-image-box-wrapper\"><div class=\"elementor-image-box-content\"><h3 class=\"elementor-image-box-title\">El impacto real<\/h3><p class=\"elementor-image-box-description\">Mi compromiso es que cada sesi\u00f3n genere claridad, motivaci\u00f3n y resultados medibles, de forma que tanto las personas como la empresa se beneficien desde el primer d\u00eda.<\/p><\/div><\/div>\t\t\t\t<\/div>\n\t\t\t\t<\/div>\n\t\t<div class=\"elementor-element elementor-element-cd43b46 e-con-full e-flex e-con e-child\" data-id=\"cd43b46\" data-element_type=\"container\" data-e-type=\"container\">\n\t\t\t\t<div class=\"elementor-element elementor-element-707280e elementor-invisible elementor-widget elementor-widget-image\" data-id=\"707280e\" data-element_type=\"widget\" data-e-type=\"widget\" data-settings=\"{&quot;_animation&quot;:&quot;fadeInUp&quot;}\" data-widget_type=\"image.default\">\n\t\t\t\t\t\t\t\t\t\t\t\t\t\t\t<img loading=\"lazy\" decoding=\"async\" width=\"800\" height=\"560\" src=\"https:\/\/cima72.com\/wp-content\/uploads\/2025\/10\/1.jpg\" class=\"attachment-large size-large wp-image-447\" alt=\"\" srcset=\"https:\/\/cima72.com\/wp-content\/uploads\/2025\/10\/1.jpg 875w, https:\/\/cima72.com\/wp-content\/uploads\/2025\/10\/1-300x210.jpg 300w, https:\/\/cima72.com\/wp-content\/uploads\/2025\/10\/1-768x537.jpg 768w\" sizes=\"(max-width: 800px) 100vw, 800px\" \/>\t\t\t\t\t\t\t\t\t\t\t\t\t\t\t<\/div>\n\t\t\t\t<\/div>\n\t\t\t\t<\/div>\n\t\t\t\t<\/div>\n\t\t\t\t\t<\/div>\n\t\t\t\t<\/div>\n\t\t\t\t<\/div>\n\t\t","protected":false},"excerpt":{"rendered":"<p>About me Over 20 Years Of Experience In High-Performance Environments I am\u00a0Bart te Nijenhuis\u00a0. I was born in\u00a0Maastricht\u00a0(the most beautiful city in Holland\u2026) and since 2005 I have been lucky enough to live in Spain. My career began in\u00a0high-performance corporate environments\u00a0, working at extraordinary companies like\u00a0Nike\u00a0and\u00a0Adidas\u00a0(where I was CFO of Adidas Iberia). There I learned [&hellip;]<\/p>\n","protected":false},"author":1,"featured_media":0,"parent":0,"menu_order":0,"comment_status":"closed","ping_status":"closed","template":"elementor_header_footer","meta":{"footnotes":""},"class_list":["post-517","page","type-page","status-publish","hentry"],"_links":{"self":[{"href":"https:\/\/cima72.com\/en\/wp-json\/wp\/v2\/pages\/517","targetHints":{"allow":["GET"]}}],"collection":[{"href":"https:\/\/cima72.com\/en\/wp-json\/wp\/v2\/pages"}],"about":[{"href":"https:\/\/cima72.com\/en\/wp-json\/wp\/v2\/types\/page"}],"author":[{"embeddable":true,"href":"https:\/\/cima72.com\/en\/wp-json\/wp\/v2\/users\/1"}],"replies":[{"embeddable":true,"href":"https:\/\/cima72.com\/en\/wp-json\/wp\/v2\/comments?post=517"}],"version-history":[{"count":7,"href":"https:\/\/cima72.com\/en\/wp-json\/wp\/v2\/pages\/517\/revisions"}],"predecessor-version":[{"id":539,"href":"https:\/\/cima72.com\/en\/wp-json\/wp\/v2\/pages\/517\/revisions\/539"}],"wp:attachment":[{"href":"https:\/\/cima72.com\/en\/wp-json\/wp\/v2\/media?parent=517"}],"curies":[{"name":"wp","href":"https:\/\/api.w.org\/{rel}","templated":true}]}}